{"id":114,"date":"2025-09-06T01:38:02","date_gmt":"2025-09-05T21:38:02","guid":{"rendered":"https:\/\/anuncioseconomicos.net.pe\/?page_id=114"},"modified":"2025-09-08T20:48:13","modified_gmt":"2025-09-08T16:48:13","slug":"encuentro-de-empresarios-cristianos","status":"publish","type":"page","link":"https:\/\/anuncioseconomicos.net.pe\/?page_id=114","title":{"rendered":"ENCUENTRO DE EMPRESARIOS CRISTIANOS"},"content":{"rendered":"\r\n\r\n\r\n\r\n\r\n\r\n\r\n<h1 style=\"text-align: center;\"><img loading=\"lazy\" decoding=\"async\" class=\"alignnone  wp-image-191\" src=\"https:\/\/anuncioseconomicos.net.pe\/wp-content\/uploads\/2025\/09\/ENCUENTRO-EMPRESARIOS-300x220.png\" alt=\"\" width=\"650\" height=\"477\" srcset=\"https:\/\/anuncioseconomicos.net.pe\/wp-content\/uploads\/2025\/09\/ENCUENTRO-EMPRESARIOS-300x220.png 300w, https:\/\/anuncioseconomicos.net.pe\/wp-content\/uploads\/2025\/09\/ENCUENTRO-EMPRESARIOS.png 628w\" sizes=\"auto, (max-width: 650px) 100vw, 650px\" \/><\/h1>\r\n<h1 style=\"color: #e60000;\">\u00bfC\u00d3MO SER\u00c1N LAS REUNIONES DE EMPRESARIOS?<\/h1>\r\n\r\n\r\n\r\n<h2>EN RESUMEN, SER\u00c1 UN ENCUENTRO DE NETWORKING<\/h2>\r\n\r\n\r\n\r\n<p>EN ESTA REUNI\u00d3N, USTED DEBE CONFIRMAR SU INSCRIPCI\u00d3N CON ANTELACI\u00d3N A SU LLEGADA.<\/p>\r\n\r\n\r\n\r\n<p>SE PRESENTAR\u00c1N TEMAS IMPORTANTES PARA LOS EMPRESARIOS, A MODO DE EJEMPLO.<\/p>\r\n\r\n\r\n\r\n\r\n\r\n<p>C\u00d3MO DESCUBRIR LAS NECESIDADES DE TUS FUTUROS CLIENTES CON UNA SOLA PREGUNTA<\/p>\r\n\r\n\r\n\r\n<p>C\u00d3MO PRESENTAR SU PRODUCTO DENTRO DE LAS NECESIDADES DE SU CLIENTE<\/p>\r\n\r\n\r\n\r\n<p>C\u00d3MO BUSCAR NUEVOS SOCIOS PARA PROMOCIONAR SUS PRODUCTOS Y SERVICIOS<\/p>\r\n\r\n\r\n\r\n<p>ETC<\/p>\r\n\r\n\r\n\r\n<h2>EN LA REUNI\u00d3N TENDR\u00c1S UN MINUTO PARA PRESENTARTE Y HABLAR SOBRE LOS ELEMENTOS DE TRABAJO<\/h2>\r\n\r\n\r\n\r\n<h2>DESPU\u00c9S DE LA REUNI\u00d3N TAMBI\u00c9N TENDR\u00c1S LA OPORTUNIDAD DE COMPARTIR TU TARJETA DE PRESENTACI\u00d3N ENTRE ESOS PRESENTES<\/h2>\r\n\r\n\r\n\r\n<h2 style=\"color: #e60000;\">ENTONCES, SOLO PRESENTA SI REALMENTE QUIERES HACER NEGOCIOS<\/h2>\r\n\r\n\r\n\r\n<p>TAMBI\u00c9N TENDREMOS UNA BREVE MINISTRACI\u00d3N CON ALG\u00daN EMPRESARIO DENTRO DE LA PALABRA DE DIOS<\/p>\r\n\r\n\r\n\r\n\r\n\r\n<h2>MIRA LAS FECHAS DE REUNION Y SU UBICACION<\/h2>\r\n\r\n\r\n\r\n<p><iframe loading=\"lazy\" style=\"border: solid 1px #777;\" src=\"https:\/\/calendar.google.com\/calendar\/embed?height=600&amp;wkst=2&amp;ctz=America%2FLima&amp;mode=MONTH&amp;src=MjcwM2NlODg5Mjg0YzliOGE3MmJlZWMzZGFjZGMzMjQzNjhiZDliMjBkYzRiNzQ2NjBlMzI4OGQ0OWNkNWI2M0Bncm91cC5jYWxlbmRhci5nb29nbGUuY29t&amp;color=%238e24aa\" width=\"800\" height=\"600\" frameborder=\"0\" scrolling=\"no\"><\/iframe><\/p>\r\n\r\n\r\n\r\n<h2>UBICACION<\/h2>\r\n\r\n\r\n\r\n\r\n\r\n<p><iframe loading=\"lazy\" src=\"https:\/\/docs.google.com\/forms\/d\/e\/1FAIpQLScZecJPwHMK4_6W5jLkfSjcng6_3In3MQk-6hdp-L8yhaddFA\/viewform?embedded=true\" width=\"640\" height=\"1566\" frameborder=\"0\" marginwidth=\"0\" marginheight=\"0\">Cargando\u2026<\/iframe><\/p>\r\n\r\n<p>&nbsp;<\/p>","protected":false},"excerpt":{"rendered":"<p>&nbsp;<\/p>\n","protected":false},"author":1,"featured_media":0,"parent":0,"menu_order":0,"comment_status":"closed","ping_status":"closed","template":"","meta":{"pagelayer_contact_templates":[],"_pagelayer_content":"","footnotes":""},"class_list":["post-114","page","type-page","status-publish","hentry"],"_links":{"self":[{"href":"https:\/\/anuncioseconomicos.net.pe\/index.php?rest_route=\/wp\/v2\/pages\/114","targetHints":{"allow":["GET"]}}],"collection":[{"href":"https:\/\/anuncioseconomicos.net.pe\/index.php?rest_route=\/wp\/v2\/pages"}],"about":[{"href":"https:\/\/anuncioseconomicos.net.pe\/index.php?rest_route=\/wp\/v2\/types\/page"}],"author":[{"embeddable":true,"href":"https:\/\/anuncioseconomicos.net.pe\/index.php?rest_route=\/wp\/v2\/users\/1"}],"replies":[{"embeddable":true,"href":"https:\/\/anuncioseconomicos.net.pe\/index.php?rest_route=%2Fwp%2Fv2%2Fcomments&post=114"}],"version-history":[{"count":9,"href":"https:\/\/anuncioseconomicos.net.pe\/index.php?rest_route=\/wp\/v2\/pages\/114\/revisions"}],"predecessor-version":[{"id":192,"href":"https:\/\/anuncioseconomicos.net.pe\/index.php?rest_route=\/wp\/v2\/pages\/114\/revisions\/192"}],"wp:attachment":[{"href":"https:\/\/anuncioseconomicos.net.pe\/index.php?rest_route=%2Fwp%2Fv2%2Fmedia&parent=114"}],"curies":[{"name":"wp","href":"https:\/\/api.w.org\/{rel}","templated":true}]}}