{"id":128,"date":"2025-09-08T19:07:29","date_gmt":"2025-09-08T15:07:29","guid":{"rendered":"https:\/\/anuncioseconomicos.net.pe\/?page_id=128"},"modified":"2025-09-08T21:06:31","modified_gmt":"2025-09-08T17:06:31","slug":"about-us","status":"publish","type":"page","link":"https:\/\/anuncioseconomicos.net.pe\/?page_id=128","title":{"rendered":"Nosotros"},"content":{"rendered":"\n\n\n\n\n\n\n\n\r\n<h2>ANUNCIOS ECONOMICOS &#8211; PUERTO MALDONADO<\/h2>\r\n<h2>\u00a0<\/h2>\r\n<h2>Es una empresa de Publicidad a nivel de MADRE DE DIOS.<\/h2>\r\n<h2>\u00a0<\/h2>\r\n<h2>Laboramos con personas naturales, con las Agencias de Publicidad y Anunciantes en general que requieran publicitar sus avisos judiciales, comerciales o ministeriales a nivel regional.<\/h2>\r\n<h2>\u00a0<\/h2>\r\n<h2>Brindamos servicio, garantizando la efectividad que su anuncio requiere, al llegar de forma eficaz y con el medio m\u00e1s adecuado a su p\u00fablico objetivo, redundando directamente en el crecimiento de su empresa, en la mejor respuesta a su convocatoria o en la expansi\u00f3n y posicionamiento de su producto o marca, siendo estos resultados parte de nuestra misi\u00f3n.<\/h2>\r\n<h2>\u00a0<\/h2>\r\n\n\n\n\n\n\n\r\n<h2>ENCUENTRO DE EMPRESARIOS CRISTIANOS<\/h2>\r\n\n\r\n<h2>Generar un espacio para que los empresarios tengan la oportunidad de conocerse e intercambiar informaci\u00f3n sobre sus empresas, productos y\/o servicios, facilitando la generaci\u00f3n de contactos y la identificaci\u00f3n de problem\u00e1ticas empresariales comunes.<\/h2>\r\n<div>\u00a0<\/div>\r\n\n\n\n","protected":false},"excerpt":{"rendered":"","protected":false},"author":1,"featured_media":0,"parent":0,"menu_order":0,"comment_status":"closed","ping_status":"closed","template":"","meta":{"pagelayer_contact_templates":[],"_pagelayer_content":"","footnotes":""},"class_list":["post-128","page","type-page","status-publish","hentry"],"_links":{"self":[{"href":"https:\/\/anuncioseconomicos.net.pe\/index.php?rest_route=\/wp\/v2\/pages\/128","targetHints":{"allow":["GET"]}}],"collection":[{"href":"https:\/\/anuncioseconomicos.net.pe\/index.php?rest_route=\/wp\/v2\/pages"}],"about":[{"href":"https:\/\/anuncioseconomicos.net.pe\/index.php?rest_route=\/wp\/v2\/types\/page"}],"author":[{"embeddable":true,"href":"https:\/\/anuncioseconomicos.net.pe\/index.php?rest_route=\/wp\/v2\/users\/1"}],"replies":[{"embeddable":true,"href":"https:\/\/anuncioseconomicos.net.pe\/index.php?rest_route=%2Fwp%2Fv2%2Fcomments&post=128"}],"version-history":[{"count":4,"href":"https:\/\/anuncioseconomicos.net.pe\/index.php?rest_route=\/wp\/v2\/pages\/128\/revisions"}],"predecessor-version":[{"id":201,"href":"https:\/\/anuncioseconomicos.net.pe\/index.php?rest_route=\/wp\/v2\/pages\/128\/revisions\/201"}],"wp:attachment":[{"href":"https:\/\/anuncioseconomicos.net.pe\/index.php?rest_route=%2Fwp%2Fv2%2Fmedia&parent=128"}],"curies":[{"name":"wp","href":"https:\/\/api.w.org\/{rel}","templated":true}]}}